{"id":335,"date":"2018-10-11T13:42:39","date_gmt":"2018-10-11T13:42:39","guid":{"rendered":"http:\/\/www.msknowhow.ch\/comixshop\/?page_id=335"},"modified":"2018-11-05T23:31:40","modified_gmt":"2018-11-05T23:31:40","slug":"impressum","status":"publish","type":"page","link":"https:\/\/www.msknowhow.ch\/comixshop\/impressum\/","title":{"rendered":"Impressum"},"content":{"rendered":"<p><strong>Kontaktadresse<\/strong><\/p>\n<p>Martin Stutz<br \/>\nMS KNOW HOW GmbH<br \/>\nHohlstrasse 48<br \/>\n8004 Z\u00fcrich<br \/>\nSchweiz<br \/>\nTelefon:\u00a0+41 79 629 49 18<br \/>\nE-Mail: martin.stutz@msknowhow.ch<\/p>\n<p><strong>Vertretungsberechtigte Personen<\/strong><\/p>\n<p>Martin Stutz<\/p>\n<p><strong>Handelsregistereintrag<\/strong><\/p>\n<p>Eingetragener Firmenname:\u00a0MS KNOW HOW GmbH<br \/>\nNummer:\u00a0Fa.-Nr. 020.4.027.184-7<br \/>\nHandelsregisteramt: Kanton Z\u00fcrich<\/p>\n<p><strong>Mehrwertsteuernummer<\/strong><\/p>\n<p>CHE-110.122.680<\/p>\n<p><strong>Haftungsausschluss<\/strong><\/p>\n<p>Der Autor \u00fcbernimmt keinerlei Gew\u00e4hr hinsichtlich der inhaltlichen Richtigkeit, Genauigkeit, Aktualit\u00e4t, Zuverl\u00e4ssigkeit und Vollst\u00e4ndigkeit der Informationen.<br \/>\nHaftungsanspr\u00fcche gegen den Autor wegen Sch\u00e4den materieller oder immaterieller Art, welche aus dem Zugriff oder der Nutzung bzw. Nichtnutzung der ver\u00f6ffentlichten Informationen, durch Missbrauch der Verbindung oder durch technische St\u00f6rungen entstanden sind, werden ausgeschlossen.<br \/>\nAlle Angebote sind unverbindlich. Der Autor beh\u00e4lt es sich ausdr\u00fccklich vor, Teile der Seiten oder das gesamte Angebot ohne gesonderte Ank\u00fcndigung zu ver\u00e4ndern, zu erg\u00e4nzen, zu l\u00f6schen oder die Ver\u00f6ffentlichung zeitweise oder endg\u00fcltig einzustellen.<\/p>\n<p><strong>Haftung f\u00fcr Links<\/strong><\/p>\n<p>Verweise und Links auf Webseiten Dritter liegen ausserhalb unseres Verantwortungsbereichs Es wird jegliche Verantwortung f\u00fcr solche Webseiten abgelehnt. Der Zugriff und die Nutzung solcher Webseiten erfolgen auf eigene Gefahr des Nutzers oder der Nutzerin.<\/p>\n<p><strong>Urheberrechte<\/strong><\/p>\n<p>Die Urheber- und alle anderen Rechte an Inhalten, Bildern, Fotos oder anderen Dateien auf der Website geh\u00f6ren ausschliesslich MS KNOW HOW GmbH oder den speziell genannten Rechtsinhabern. F\u00fcr die Reproduktion jeglicher Elemente ist die schriftliche Zustimmung der Urheberrechtstr\u00e4ger im Voraus einzuholen.<\/p>\n","protected":false},"excerpt":{"rendered":"<p>Kontaktadresse Martin Stutz MS KNOW HOW GmbH Hohlstrasse 48 8004 Z\u00fcrich Schweiz Telefon:\u00a0+41 79 629 49 18 E-Mail: martin.stutz@msknowhow.ch Vertretungsberechtigte Personen Martin Stutz Handelsregistereintrag Eingetragener Firmenname:\u00a0MS KNOW HOW GmbH Nummer:\u00a0Fa.-Nr. 020.4.027.184-7 Handelsregisteramt: Kanton Z\u00fcrich Mehrwertsteuernummer CHE-110.122.680 Haftungsausschluss Der Autor \u00fcbernimmt keinerlei Gew\u00e4hr hinsichtlich der inhaltlichen Richtigkeit, Genauigkeit, Aktualit\u00e4t, Zuverl\u00e4ssigkeit und Vollst\u00e4ndigkeit der Informationen. Haftungsanspr\u00fcche gegen [&hellip;]<\/p>\n","protected":false},"author":1,"featured_media":0,"parent":0,"menu_order":0,"comment_status":"closed","ping_status":"closed","template":"","meta":{"footnotes":""},"class_list":["post-335","page","type-page","status-publish","hentry"],"_links":{"self":[{"href":"https:\/\/www.msknowhow.ch\/comixshop\/wp-json\/wp\/v2\/pages\/335","targetHints":{"allow":["GET"]}}],"collection":[{"href":"https:\/\/www.msknowhow.ch\/comixshop\/wp-json\/wp\/v2\/pages"}],"about":[{"href":"https:\/\/www.msknowhow.ch\/comixshop\/wp-json\/wp\/v2\/types\/page"}],"author":[{"embeddable":true,"href":"https:\/\/www.msknowhow.ch\/comixshop\/wp-json\/wp\/v2\/users\/1"}],"replies":[{"embeddable":true,"href":"https:\/\/www.msknowhow.ch\/comixshop\/wp-json\/wp\/v2\/comments?post=335"}],"version-history":[{"count":4,"href":"https:\/\/www.msknowhow.ch\/comixshop\/wp-json\/wp\/v2\/pages\/335\/revisions"}],"predecessor-version":[{"id":1143,"href":"https:\/\/www.msknowhow.ch\/comixshop\/wp-json\/wp\/v2\/pages\/335\/revisions\/1143"}],"wp:attachment":[{"href":"https:\/\/www.msknowhow.ch\/comixshop\/wp-json\/wp\/v2\/media?parent=335"}],"curies":[{"name":"wp","href":"https:\/\/api.w.org\/{rel}","templated":true}]}}