{"id":326,"date":"2018-10-11T13:20:00","date_gmt":"2018-10-11T13:20:00","guid":{"rendered":"http:\/\/www.msknowhow.ch\/comixshop\/?page_id=326"},"modified":"2018-11-05T23:33:34","modified_gmt":"2018-11-05T23:33:34","slug":"agb","status":"publish","type":"page","link":"https:\/\/www.msknowhow.ch\/comixshop\/agb\/","title":{"rendered":"AGB"},"content":{"rendered":"<p>AGB \/ MS KNOW HOW GmbH<\/p>\n<p>Alle Bestellungen bei Comix \u2013 Bilder \u00e0 la carte sind verbindlich.<\/p>\n<p>Die jeweiligen Werke sind im Ladenlokal in Z\u00fcrich zu besichtigen.<\/p>\n<p>Die Erbringung aller angebotenen Leistungen beschr\u00e4nkt sich ausschliesslich auf das Gebiet der Schweiz und des F\u00fcrstentums Liechtenstein.<br \/>\nBei Bestellungen aus dem Ausland werden m\u00f6gliche Anpassungen dem Kunden mitgeteilt.<\/p>\n<p>BESTELLUNG<br \/>\nBei einer Online-Bestellung verlangt MS Know How GmbH Informationen \u00fcber den Benutzer (Name, Adresse, E-Mail-Adresse etc.).<br \/>\nDiese Informationen werden f\u00fcr die Erstellung und Abwicklung der Gesch\u00e4ftsbeziehung zwischen dem Kunden und MS Know How GmbH genutzt.<\/p>\n<p>REGISTRATION<br \/>\nUm eine Bestellung zu t\u00e4tigen, muss sich ein Besucher zuerst registrieren.<\/p>\n<p>LIEFERUNG<br \/>\nWir versenden f\u00fcr CHF 10.00 in die gesamte Schweiz und ins F\u00fcrstentum Liechtenstein. Lieferungen beschr\u00e4nken sich nur auf Lieferadressen innerhalb der Schweiz oder dem F\u00fcrstentum Liechtenstein.<br \/>\nF\u00fcr Lieferungen ins Ausland werden dem Kunden die Zustellungsgeb\u00fchren nach vorg\u00e4ngigen Abkl\u00e4rungen separat in Rechnung gestellt.<\/p>\n<p>ANGEBOTE \/ WERKE<br \/>\nOriginale und Unikate von Martin Stutz stehen nur in begrenzter Anzahl zur Verf\u00fcgung.<br \/>\nIhre eigenen Figuren werden nach Wunsch gerne in einen ausgesuchten Rahmen und der Farbe<br \/>\nIhrer Wahl in Szene gesetzt.<\/p>\n<p>BILDHERSTELLUNG NACH KUNDENWUNSCH<br \/>\nMS Know How GmbH erhebt eine Akontozahlung von 50 % bei Auftragserteilung.<br \/>\nEingang dieser Akontozahlung gilt als deren Auftragsbest\u00e4tigung und dem Umsetzungsstart des Werkes.<br \/>\nDer Restbetrag wird bei oder vor \u00dcbergabe des fertigen Bildes\/Auftrages Bar oder per Vorauskasse beglichen.<br \/>\nMS Know How GmbH beh\u00e4lt sich vor, bei Nichteinhalten des abgemachten Liefertermins,<br \/>\ninfolge Wetter bedingten Einfl\u00fcssen wie z.B. eine zu hohe Luftfeuchtigkeit,<br \/>\nkeinen Preisnachlass zu gew\u00e4hren.<\/p>\n<p>PREISE<br \/>\nBerechnet wird der Preis, dem Sie im Zeitpunkt der Bestellung zugestimmt haben.<br \/>\nAlle Preise verstehen sich inkl. MwSt. in Schweizer Franken (CHF).<\/p>\n<p>EIGENTUM<br \/>\nBis zur vollst\u00e4ndigen Zahlung bleibt das Werk unser Eigentum.<\/p>\n<p>UMTAUSCH<br \/>\nUmtausch\/R\u00fcckgabe ist nicht m\u00f6glich. Ausnahmen bei: Transport-Sch\u00e4den<br \/>\nDie reklamierte Ware muss innert 10 Tagen (Poststempel) MS Know How GmbH zur\u00fcckgesendet werden.<br \/>\nBei Besch\u00e4digung des Bildes auf dem Transportweg ist innerhalb von 24 Stunden zu reklamieren, da sonst der Anspruch auf Geld R\u00fcckerstattung erlischt.<\/p>\n<p>GARANTIE<br \/>\nBei sichtbarer Fremdeinwirkung wie z.B. bei unkorrektem Aufh\u00e4ngen, Kratzer auf dem Harz des Bildes oder ein Schaden an der eingegossenen Figur, entf\u00e4llt die Garantie, ansonsten 2 Jahre ab Lieferdatum, sofern nichts anderes vermerkt ist.<\/p>\n<p>RECHNUNGSSTELLUNG \/ VORAUSKASSE<br \/>\nBilder werden nur gegen Vorauskasse versandt. Wer die Bilder vor dem Kauf anschauen m\u00f6chte, kann dies direkt im Ladenlokal in Z\u00fcrich nach Voranmeldung tun.<br \/>\nDie offenen Geb\u00fchren k\u00f6nnen mit den nachstehenden M\u00f6glichkeiten bezahlt werden. Je nach Zahlungsweise k\u00f6nnen Buchungsspesen von CHF 4.50.- belastet werden.<\/p>\n<ul>\n<li>Zahlung via E-Banking \u00fcber das Internet<\/li>\n<li>Zahlung am Bank- oder Postschalter<\/li>\n<\/ul>\n<p>MS Know How GmbH beh\u00e4lt sich vor, Bestellungen nur gegen Vorauszahlung auszuf\u00fchren.<\/p>\n<p>ZAHLUNGSFRIST<br \/>\nRechnung ist sofort w\u00e4hrend dem Bestellvorgang netto zahlbar.<\/p>\n<p>DATENSCHUTZ<br \/>\nDie f\u00fcr die Gesch\u00e4ftsabwicklung notwendigen Daten werden gespeichert.<br \/>\nAlle pers\u00f6nlichen Daten werden vertraulich behandelt.<\/p>\n<p>INFORMATIONEN \u00dcBER UNSERE ANGEBOTE UND DIENSTLEISTUNGEN<br \/>\nWir m\u00f6chten Sie gelegentlich \u00fcber unsere neuen Angebote und Dienstleistungen informieren und hierf\u00fcr Ihre pers\u00f6nlichen Daten nutzen.<br \/>\nSollten Sie dies nicht w\u00fcnschen, so k\u00f6nnen Sie bei der MS Know How GmbH, 8004 Z\u00fcrich oder per Kontaktformular auf der Webseite widersprechen.<\/p>\n<p>COPYRIGHT<br \/>\nEs ist untersagt, die Webseite zu reproduzieren, kopieren oder zu teilen, ausser es dient dem Zweck einer Bestellung an die MS Know How GmbH. Der ganze Inhalt der Webseite (Texte, Grafiken, Layout etc.) sind Eigentum der MS Know How GmbH.<br \/>\nAlle Rechte vorbehalten. Die Seite ist durch Copyright, schweizerisches Urheberrecht, Rechte an geistigem Eigentum und allen anderen entsprechenden Rechten gesch\u00fctzt.<\/p>\n<p>BANKVERBINDUNG<br \/>\nZ\u00fcrcher Kantonalbank<br \/>\n8010 Z\u00fcrich<\/p>\n<p>MS KNOW HOW GmbH<br \/>\nHohlstrasse 48<br \/>\n8004 Z\u00fcrich<\/p>\n<p>IBAN CH75 0070 0110 0006 6865 8<br \/>\nSWIFT-Adresse(BIC): ZKBKCHZZ80A<\/p>\n<p>ANWENDBARES RECHT, GERICHTSSTAND<br \/>\nDie Rechtsverh\u00e4ltnisse unterstehen schweizerischem Recht.<br \/>\nGerichtsstand f\u00fcr s\u00e4mtliche Streitigkeiten ist Z\u00fcrich.<\/p>\n","protected":false},"excerpt":{"rendered":"<p>AGB \/ MS KNOW HOW GmbH Alle Bestellungen bei Comix \u2013 Bilder \u00e0 la carte sind verbindlich. Die jeweiligen Werke sind im Ladenlokal in Z\u00fcrich zu besichtigen. Die Erbringung aller angebotenen Leistungen beschr\u00e4nkt sich ausschliesslich auf das Gebiet der Schweiz und des F\u00fcrstentums Liechtenstein. Bei Bestellungen aus dem Ausland werden m\u00f6gliche Anpassungen dem Kunden mitgeteilt. [&hellip;]<\/p>\n","protected":false},"author":1,"featured_media":0,"parent":0,"menu_order":0,"comment_status":"closed","ping_status":"closed","template":"","meta":{"footnotes":""},"class_list":["post-326","page","type-page","status-publish","hentry"],"_links":{"self":[{"href":"https:\/\/www.msknowhow.ch\/comixshop\/wp-json\/wp\/v2\/pages\/326","targetHints":{"allow":["GET"]}}],"collection":[{"href":"https:\/\/www.msknowhow.ch\/comixshop\/wp-json\/wp\/v2\/pages"}],"about":[{"href":"https:\/\/www.msknowhow.ch\/comixshop\/wp-json\/wp\/v2\/types\/page"}],"author":[{"embeddable":true,"href":"https:\/\/www.msknowhow.ch\/comixshop\/wp-json\/wp\/v2\/users\/1"}],"replies":[{"embeddable":true,"href":"https:\/\/www.msknowhow.ch\/comixshop\/wp-json\/wp\/v2\/comments?post=326"}],"version-history":[{"count":3,"href":"https:\/\/www.msknowhow.ch\/comixshop\/wp-json\/wp\/v2\/pages\/326\/revisions"}],"predecessor-version":[{"id":329,"href":"https:\/\/www.msknowhow.ch\/comixshop\/wp-json\/wp\/v2\/pages\/326\/revisions\/329"}],"wp:attachment":[{"href":"https:\/\/www.msknowhow.ch\/comixshop\/wp-json\/wp\/v2\/media?parent=326"}],"curies":[{"name":"wp","href":"https:\/\/api.w.org\/{rel}","templated":true}]}}